{"id":562,"date":"2021-12-20T10:56:50","date_gmt":"2021-12-20T09:56:50","guid":{"rendered":"https:\/\/laclosurate.ch\/datenschutz-bestimmungen\/"},"modified":"2021-12-20T10:56:51","modified_gmt":"2021-12-20T09:56:51","slug":"datenschutz-bestimmungen","status":"publish","type":"page","link":"https:\/\/laclosurate.ch\/de\/datenschutz-bestimmungen\/","title":{"rendered":"Datenschutz-Bestimmungen"},"content":{"rendered":"\n<h2 class=\"wp-block-heading\">Wer sind wir ?<\/h2>\n\n<p>Die Website <a href=\"https:\/\/laclosurate.ch\/de\/\">https:\/\/laclosurate.ch\/<\/a> pr\u00e4sentiert die Dienstleistungen des <strong>G\u00eete rural de la Cl\u00f4surate<\/strong> mit Sitz in Les Ecarres, 2338 Muriaux. <\/p>\n\n<h2 class=\"wp-block-heading\">Verwendung der erhobenen personenbezogenen Daten<\/h2>\n\n<h3 class=\"wp-block-heading\">Kontaktformulare<\/h3>\n\n<p>Diese Site verwendet die <a href=\"https:\/\/elementor.com\/\">Elementor-<\/a> Erweiterung f\u00fcr ihre Kontaktformulare. Diese Erweiterung erhebt und speichert keine Informationen \u00fcber die gesendeten Formulare und verwendet keine Cookies.<\/p>\n\n<p>Die \u00fcber das Kontaktformular gesendeten Daten werden in Form einer E-Mail an die Adresse des <meta charset=\"utf-8\"\/><strong>G\u00eete rural de la Cl\u00f4surate<\/strong> und seine Speicherung f\u00fcr den Zeitraum, der erforderlich ist, um Fragen zu beantworten und den Kundenservice zu gew\u00e4hrleisten. Diese werden nicht an Dritte weitergegeben oder f\u00fcr kommerzielle Zwecke verwendet. <\/p>\n\n<h3 class=\"wp-block-heading\">Kekse <\/h3>\n\n<p>Diese Seite sammelt Cookies zu Optimierungs- und Statistikzwecken. Dadurch wird die Benutzererfahrung st\u00e4ndig verbessert. Cookies werden 1 Monat lang gespeichert.<\/p>\n\n<h3 class=\"wp-block-heading\">Statistiken und Zuschauermessungen<\/h3>\n\n<p>Diese Seite verwendet verschiedene Anwendungen, um das Besucherverhalten zu erfassen und zu analysieren. Alle erhobenen Daten sind anonymisiert und beinhalten keine personenbezogenen Daten. Es gelten die Datenschutzrichtlinien der Tools. Sie k\u00f6nnen sie zu folgenden Themen konsultieren:<\/p>\n\n<ul class=\"wp-block-list\"><li><a rel=\"noreferrer noopener\" href=\"https:\/\/policies.google.com\/privacy\" target=\"_blank\">Google Analytics<\/a> <\/li><\/ul>\n<p>Sie k\u00f6nnen dem Tracking durch Google Analytics jederzeit widersprechen, indem Sie auf folgenden Link klicken: <a href=\"https:\/\/tools.google.com\/dlpage\/gaoptout\/\" target=\"_blank\" rel=\"noreferrer noopener\">Google Analytics Opt-Out<\/a><\/p>\n\n<h2 class=\"wp-block-heading\">Nutzung und Weitergabe Ihrer personenbezogenen Daten<\/h2>\n\n<p>Die Daten werden nicht an Dritte weitergegeben, mit Ausnahme der Dienstleister, die f\u00fcr den Betrieb und die Verwaltung des <strong>G\u00eete rural de la Cl\u00f4surate erforderlich sind<\/strong> .<\/p>\n\n<h3 class=\"wp-block-heading\">Wie lange werden Ihre Daten gespeichert<\/h3>\n\n<p>Die Daten werden gespeichert von<meta charset=\"utf-8\"\/> das <strong>Landhaus von La Cl\u00f4surate<\/strong> w\u00e4hrend der Zeit, die erforderlich ist, um Fragen zu beantworten und den Kundenservice zu gew\u00e4hrleisten.<\/p>\n\n<h3 class=\"wp-block-heading\">Rechte an Ihren Daten<\/h3>\n\n<p>Sie k\u00f6nnen die L\u00f6schung der Sie betreffenden personenbezogenen Daten verlangen. Hiervon ausgenommen sind Daten, die aus administrativen, rechtlichen oder Sicherheitsgr\u00fcnden gespeichert wurden.<\/p>\n\n<h2 class=\"wp-block-heading\">Kontaktinformation<\/h2>\n\n<p><strong><strong>L\u00e4ndliche Gte de la Cl\u00f4surate<\/strong><\/strong><br\/>Die Ecarres<br\/>2338 Saignel\u00e9gier<br\/>Schweiz<\/p>\n\n<p><a href=\"tel:0041329511510\">+41 (0) 32 951 15 10<\/a><\/p>\n","protected":false},"excerpt":{"rendered":"<p>Wer sind wir ? Die Website https:\/\/laclosurate.ch\/ pr\u00e4sentiert die Dienstleistungen des G\u00eete rural de la Cl\u00f4surate mit Sitz in Les Ecarres, 2338 Muriaux. Verwendung der erhobenen personenbezogenen Daten Kontaktformulare Diese Site verwendet die Elementor- Erweiterung f\u00fcr ihre Kontaktformulare. Diese Erweiterung erhebt und speichert keine Informationen \u00fcber die gesendeten Formulare und verwendet keine Cookies. Die \u00fcber [&hellip;]<\/p>\n","protected":false},"author":1,"featured_media":0,"parent":0,"menu_order":0,"comment_status":"closed","ping_status":"open","template":"","meta":{"footnotes":""},"class_list":["post-562","page","type-page","status-publish","hentry"],"yoast_head":"<!-- This site is optimized with the Yoast SEO plugin v21.6 - https:\/\/yoast.com\/wordpress\/plugins\/seo\/ -->\n<title>Datenschutz-Bestimmungen - Gite la Cl\u00f4surate<\/title>\n<meta name=\"robots\" content=\"index, follow, max-snippet:-1, max-image-preview:large, max-video-preview:-1\" \/>\n<link rel=\"canonical\" href=\"https:\/\/laclosurate.ch\/de\/datenschutz-bestimmungen\/\" \/>\n<meta property=\"og:locale\" content=\"de_DE\" \/>\n<meta property=\"og:type\" content=\"article\" \/>\n<meta property=\"og:title\" content=\"Datenschutz-Bestimmungen - Gite la Cl\u00f4surate\" \/>\n<meta property=\"og:description\" content=\"Wer sind wir ? Die Website https:\/\/laclosurate.ch\/ pr\u00e4sentiert die Dienstleistungen des G\u00eete rural de la Cl\u00f4surate mit Sitz in Les Ecarres, 2338 Muriaux. Verwendung der erhobenen personenbezogenen Daten Kontaktformulare Diese Site verwendet die Elementor- Erweiterung f\u00fcr ihre Kontaktformulare. Diese Erweiterung erhebt und speichert keine Informationen \u00fcber die gesendeten Formulare und verwendet keine Cookies. Die \u00fcber [&hellip;]\" \/>\n<meta property=\"og:url\" content=\"https:\/\/laclosurate.ch\/de\/datenschutz-bestimmungen\/\" \/>\n<meta property=\"og:site_name\" content=\"Gite la Cl\u00f4surate\" \/>\n<meta property=\"article:modified_time\" content=\"2021-12-20T09:56:51+00:00\" \/>\n<meta name=\"twitter:card\" content=\"summary_large_image\" \/>\n<meta name=\"twitter:label1\" content=\"Gesch\u00e4tzte Lesezeit\" \/>\n\t<meta name=\"twitter:data1\" content=\"2\u00a0Minuten\" \/>\n<script type=\"application\/ld+json\" class=\"yoast-schema-graph\">{\"@context\":\"https:\/\/schema.org\",\"@graph\":[{\"@type\":\"WebPage\",\"@id\":\"https:\/\/laclosurate.ch\/de\/datenschutz-bestimmungen\/\",\"url\":\"https:\/\/laclosurate.ch\/de\/datenschutz-bestimmungen\/\",\"name\":\"Datenschutz-Bestimmungen - Gite la Cl\u00f4surate\",\"isPartOf\":{\"@id\":\"https:\/\/laclosurate.ch\/#website\"},\"datePublished\":\"2021-12-20T09:56:50+00:00\",\"dateModified\":\"2021-12-20T09:56:51+00:00\",\"breadcrumb\":{\"@id\":\"https:\/\/laclosurate.ch\/de\/datenschutz-bestimmungen\/#breadcrumb\"},\"inLanguage\":\"de\",\"potentialAction\":[{\"@type\":\"ReadAction\",\"target\":[\"https:\/\/laclosurate.ch\/de\/datenschutz-bestimmungen\/\"]}]},{\"@type\":\"BreadcrumbList\",\"@id\":\"https:\/\/laclosurate.ch\/de\/datenschutz-bestimmungen\/#breadcrumb\",\"itemListElement\":[{\"@type\":\"ListItem\",\"position\":1,\"name\":\"Home\",\"item\":\"https:\/\/laclosurate.ch\/de\/heim\/\"},{\"@type\":\"ListItem\",\"position\":2,\"name\":\"Datenschutz-Bestimmungen\"}]},{\"@type\":\"WebSite\",\"@id\":\"https:\/\/laclosurate.ch\/#website\",\"url\":\"https:\/\/laclosurate.ch\/\",\"name\":\"Gite la Cl\u00f4surate\",\"description\":\"Le g\u00eete grandeur nature au coeur des Franches-Montagnes\",\"publisher\":{\"@id\":\"https:\/\/laclosurate.ch\/#organization\"},\"potentialAction\":[{\"@type\":\"SearchAction\",\"target\":{\"@type\":\"EntryPoint\",\"urlTemplate\":\"https:\/\/laclosurate.ch\/?s={search_term_string}\"},\"query-input\":\"required name=search_term_string\"}],\"inLanguage\":\"de\"},{\"@type\":\"Organization\",\"@id\":\"https:\/\/laclosurate.ch\/#organization\",\"name\":\"Gite la Cl\u00f4surate\",\"url\":\"https:\/\/laclosurate.ch\/\",\"logo\":{\"@type\":\"ImageObject\",\"inLanguage\":\"de\",\"@id\":\"https:\/\/laclosurate.ch\/#\/schema\/logo\/image\/\",\"url\":\"https:\/\/laclosurate.ch\/wp-content\/uploads\/2021\/11\/logo-texte.png\",\"contentUrl\":\"https:\/\/laclosurate.ch\/wp-content\/uploads\/2021\/11\/logo-texte.png\",\"width\":1200,\"height\":468,\"caption\":\"Gite la Cl\u00f4surate\"},\"image\":{\"@id\":\"https:\/\/laclosurate.ch\/#\/schema\/logo\/image\/\"}}]}<\/script>\n<!-- \/ Yoast SEO plugin. -->","yoast_head_json":{"title":"Datenschutz-Bestimmungen - Gite la Cl\u00f4surate","robots":{"index":"index","follow":"follow","max-snippet":"max-snippet:-1","max-image-preview":"max-image-preview:large","max-video-preview":"max-video-preview:-1"},"canonical":"https:\/\/laclosurate.ch\/de\/datenschutz-bestimmungen\/","og_locale":"de_DE","og_type":"article","og_title":"Datenschutz-Bestimmungen - Gite la Cl\u00f4surate","og_description":"Wer sind wir ? Die Website https:\/\/laclosurate.ch\/ pr\u00e4sentiert die Dienstleistungen des G\u00eete rural de la Cl\u00f4surate mit Sitz in Les Ecarres, 2338 Muriaux. Verwendung der erhobenen personenbezogenen Daten Kontaktformulare Diese Site verwendet die Elementor- Erweiterung f\u00fcr ihre Kontaktformulare. Diese Erweiterung erhebt und speichert keine Informationen \u00fcber die gesendeten Formulare und verwendet keine Cookies. Die \u00fcber [&hellip;]","og_url":"https:\/\/laclosurate.ch\/de\/datenschutz-bestimmungen\/","og_site_name":"Gite la Cl\u00f4surate","article_modified_time":"2021-12-20T09:56:51+00:00","twitter_card":"summary_large_image","twitter_misc":{"Gesch\u00e4tzte Lesezeit":"2\u00a0Minuten"},"schema":{"@context":"https:\/\/schema.org","@graph":[{"@type":"WebPage","@id":"https:\/\/laclosurate.ch\/de\/datenschutz-bestimmungen\/","url":"https:\/\/laclosurate.ch\/de\/datenschutz-bestimmungen\/","name":"Datenschutz-Bestimmungen - Gite la Cl\u00f4surate","isPartOf":{"@id":"https:\/\/laclosurate.ch\/#website"},"datePublished":"2021-12-20T09:56:50+00:00","dateModified":"2021-12-20T09:56:51+00:00","breadcrumb":{"@id":"https:\/\/laclosurate.ch\/de\/datenschutz-bestimmungen\/#breadcrumb"},"inLanguage":"de","potentialAction":[{"@type":"ReadAction","target":["https:\/\/laclosurate.ch\/de\/datenschutz-bestimmungen\/"]}]},{"@type":"BreadcrumbList","@id":"https:\/\/laclosurate.ch\/de\/datenschutz-bestimmungen\/#breadcrumb","itemListElement":[{"@type":"ListItem","position":1,"name":"Home","item":"https:\/\/laclosurate.ch\/de\/heim\/"},{"@type":"ListItem","position":2,"name":"Datenschutz-Bestimmungen"}]},{"@type":"WebSite","@id":"https:\/\/laclosurate.ch\/#website","url":"https:\/\/laclosurate.ch\/","name":"Gite la Cl\u00f4surate","description":"Le g\u00eete grandeur nature au coeur des Franches-Montagnes","publisher":{"@id":"https:\/\/laclosurate.ch\/#organization"},"potentialAction":[{"@type":"SearchAction","target":{"@type":"EntryPoint","urlTemplate":"https:\/\/laclosurate.ch\/?s={search_term_string}"},"query-input":"required name=search_term_string"}],"inLanguage":"de"},{"@type":"Organization","@id":"https:\/\/laclosurate.ch\/#organization","name":"Gite la Cl\u00f4surate","url":"https:\/\/laclosurate.ch\/","logo":{"@type":"ImageObject","inLanguage":"de","@id":"https:\/\/laclosurate.ch\/#\/schema\/logo\/image\/","url":"https:\/\/laclosurate.ch\/wp-content\/uploads\/2021\/11\/logo-texte.png","contentUrl":"https:\/\/laclosurate.ch\/wp-content\/uploads\/2021\/11\/logo-texte.png","width":1200,"height":468,"caption":"Gite la Cl\u00f4surate"},"image":{"@id":"https:\/\/laclosurate.ch\/#\/schema\/logo\/image\/"}}]}},"_links":{"self":[{"href":"https:\/\/laclosurate.ch\/de\/wp-json\/wp\/v2\/pages\/562","targetHints":{"allow":["GET"]}}],"collection":[{"href":"https:\/\/laclosurate.ch\/de\/wp-json\/wp\/v2\/pages"}],"about":[{"href":"https:\/\/laclosurate.ch\/de\/wp-json\/wp\/v2\/types\/page"}],"author":[{"embeddable":true,"href":"https:\/\/laclosurate.ch\/de\/wp-json\/wp\/v2\/users\/1"}],"replies":[{"embeddable":true,"href":"https:\/\/laclosurate.ch\/de\/wp-json\/wp\/v2\/comments?post=562"}],"version-history":[{"count":1,"href":"https:\/\/laclosurate.ch\/de\/wp-json\/wp\/v2\/pages\/562\/revisions"}],"predecessor-version":[{"id":564,"href":"https:\/\/laclosurate.ch\/de\/wp-json\/wp\/v2\/pages\/562\/revisions\/564"}],"wp:attachment":[{"href":"https:\/\/laclosurate.ch\/de\/wp-json\/wp\/v2\/media?parent=562"}],"curies":[{"name":"wp","href":"https:\/\/api.w.org\/{rel}","templated":true}]}}